{"id":7424,"date":"2024-09-13T19:46:50","date_gmt":"2024-09-13T19:46:50","guid":{"rendered":"https:\/\/jupiterapp.pt\/?page_id=7424"},"modified":"2024-09-13T20:03:40","modified_gmt":"2024-09-13T20:03:40","slug":"politica-de-privacidade-do-website-jupiterapp-pt","status":"publish","type":"page","link":"https:\/\/jupiterapp.pt\/en\/politica-de-privacidade-do-website-jupiterapp-pt\/","title":{"rendered":"Pol\u00edtica de privacidade do website Jupiterapp.pt"},"content":{"rendered":"<div data-elementor-type=\"wp-page\" data-elementor-id=\"7424\" class=\"elementor elementor-7424\" data-elementor-settings=\"{&quot;element_pack_global_tooltip_width&quot;:{&quot;unit&quot;:&quot;px&quot;,&quot;size&quot;:&quot;&quot;,&quot;sizes&quot;:[]},&quot;element_pack_global_tooltip_width_tablet_extra&quot;:{&quot;unit&quot;:&quot;px&quot;,&quot;size&quot;:&quot;&quot;,&quot;sizes&quot;:[]},&quot;element_pack_global_tooltip_width_tablet&quot;:{&quot;unit&quot;:&quot;px&quot;,&quot;size&quot;:&quot;&quot;,&quot;sizes&quot;:[]},&quot;element_pack_global_tooltip_width_mobile_extra&quot;:{&quot;unit&quot;:&quot;px&quot;,&quot;size&quot;:&quot;&quot;,&quot;sizes&quot;:[]},&quot;element_pack_global_tooltip_width_mobile&quot;:{&quot;unit&quot;:&quot;px&quot;,&quot;size&quot;:&quot;&quot;,&quot;sizes&quot;:[]},&quot;element_pack_global_tooltip_padding&quot;:{&quot;unit&quot;:&quot;px&quot;,&quot;top&quot;:&quot;&quot;,&quot;right&quot;:&quot;&quot;,&quot;bottom&quot;:&quot;&quot;,&quot;left&quot;:&quot;&quot;,&quot;isLinked&quot;:true},&quot;element_pack_global_tooltip_padding_tablet_extra&quot;:{&quot;unit&quot;:&quot;px&quot;,&quot;top&quot;:&quot;&quot;,&quot;right&quot;:&quot;&quot;,&quot;bottom&quot;:&quot;&quot;,&quot;left&quot;:&quot;&quot;,&quot;isLinked&quot;:true},&quot;element_pack_global_tooltip_padding_tablet&quot;:{&quot;unit&quot;:&quot;px&quot;,&quot;top&quot;:&quot;&quot;,&quot;right&quot;:&quot;&quot;,&quot;bottom&quot;:&quot;&quot;,&quot;left&quot;:&quot;&quot;,&quot;isLinked&quot;:true},&quot;element_pack_global_tooltip_padding_mobile_extra&quot;:{&quot;unit&quot;:&quot;px&quot;,&quot;top&quot;:&quot;&quot;,&quot;right&quot;:&quot;&quot;,&quot;bottom&quot;:&quot;&quot;,&quot;left&quot;:&quot;&quot;,&quot;isLinked&quot;:true},&quot;element_pack_global_tooltip_padding_mobile&quot;:{&quot;unit&quot;:&quot;px&quot;,&quot;top&quot;:&quot;&quot;,&quot;right&quot;:&quot;&quot;,&quot;bottom&quot;:&quot;&quot;,&quot;left&quot;:&quot;&quot;,&quot;isLinked&quot;:true},&quot;element_pack_global_tooltip_border_radius&quot;:{&quot;unit&quot;:&quot;px&quot;,&quot;top&quot;:&quot;&quot;,&quot;right&quot;:&quot;&quot;,&quot;bottom&quot;:&quot;&quot;,&quot;left&quot;:&quot;&quot;,&quot;isLinked&quot;:true},&quot;element_pack_global_tooltip_border_radius_tablet_extra&quot;:{&quot;unit&quot;:&quot;px&quot;,&quot;top&quot;:&quot;&quot;,&quot;right&quot;:&quot;&quot;,&quot;bottom&quot;:&quot;&quot;,&quot;left&quot;:&quot;&quot;,&quot;isLinked&quot;:true},&quot;element_pack_global_tooltip_border_radius_tablet&quot;:{&quot;unit&quot;:&quot;px&quot;,&quot;top&quot;:&quot;&quot;,&quot;right&quot;:&quot;&quot;,&quot;bottom&quot;:&quot;&quot;,&quot;left&quot;:&quot;&quot;,&quot;isLinked&quot;:true},&quot;element_pack_global_tooltip_border_radius_mobile_extra&quot;:{&quot;unit&quot;:&quot;px&quot;,&quot;top&quot;:&quot;&quot;,&quot;right&quot;:&quot;&quot;,&quot;bottom&quot;:&quot;&quot;,&quot;left&quot;:&quot;&quot;,&quot;isLinked&quot;:true},&quot;element_pack_global_tooltip_border_radius_mobile&quot;:{&quot;unit&quot;:&quot;px&quot;,&quot;top&quot;:&quot;&quot;,&quot;right&quot;:&quot;&quot;,&quot;bottom&quot;:&quot;&quot;,&quot;left&quot;:&quot;&quot;,&quot;isLinked&quot;:true}}\" data-elementor-post-type=\"page\">\n\t\t\t\t<div class=\"elementor-element elementor-element-43af8c28 e-flex e-con-boxed e-con e-parent\" data-id=\"43af8c28\" data-element_type=\"container\">\n\t\t\t\t\t<div class=\"e-con-inner\">\n\t\t\t\t<div class=\"elementor-element elementor-element-6bddd021 elementor-widget elementor-widget-theme-post-title elementor-page-title elementor-widget-heading\" data-id=\"6bddd021\" data-element_type=\"widget\" data-widget_type=\"theme-post-title.default\">\n\t\t\t\t<div class=\"elementor-widget-container\">\n\t\t\t<h1 class=\"elementor-heading-title elementor-size-default\">Pol\u00edtica de privacidade do website Jupiterapp.pt<\/h1>\t\t<\/div>\n\t\t\t\t<\/div>\n\t\t\t\t<div class=\"elementor-element elementor-element-2ecd8bc elementor-align-center elementor-widget elementor-widget-post-info\" data-id=\"2ecd8bc\" data-element_type=\"widget\" data-widget_type=\"post-info.default\">\n\t\t\t\t<div class=\"elementor-widget-container\">\n\t\t\t\t\t<ul class=\"elementor-inline-items elementor-icon-list-items elementor-post-info\">\n\t\t\t\t\t\t\t\t<li class=\"elementor-icon-list-item elementor-repeater-item-c5cc9cd elementor-inline-item\">\n\t\t\t\t\t\t\t\t\t\t\t\t\t<span class=\"elementor-icon-list-text elementor-post-info__item elementor-post-info__item--type-custom\">\n\t\t\t\t\t\t\t\t\t\tPor J\u00fapiter Infal\u00edvel Lda.\t\t\t\t\t<\/span>\n\t\t\t\t\t\t\t\t<\/li>\n\t\t\t\t<li class=\"elementor-icon-list-item elementor-repeater-item-8ae8476 elementor-inline-item\">\n\t\t\t\t\t\t\t\t\t\t<span class=\"elementor-icon-list-icon\">\n\t\t\t\t\t\t\t\t<svg xmlns=\"http:\/\/www.w3.org\/2000\/svg\" width=\"24\" height=\"24\" viewbox=\"0 0 24 24\" fill=\"none\"><circle cx=\"12.5\" cy=\"12.5\" r=\"1.5\" fill=\"#5E646E\"><\/circle><\/svg>\t\t\t\t\t\t\t<\/span>\n\t\t\t\t\t\t\t\t\t<span class=\"elementor-icon-list-text elementor-post-info__item elementor-post-info__item--type-custom\">\n\t\t\t\t\t\t\t\t\t\t\u00daltima atualiza\u00e7\u00e3o 24 de mar\u00e7o de 2022\t\t\t\t\t<\/span>\n\t\t\t\t\t\t\t\t<\/li>\n\t\t\t\t<\/ul>\n\t\t\t\t<\/div>\n\t\t\t\t<\/div>\n\t\t\t\t<div class=\"elementor-element elementor-element-435182cd elementor-share-buttons--view-icon elementor-share-buttons--skin-minimal elementor-share-buttons--shape-circle elementor-share-buttons--align-center elementor-share-buttons--color-custom elementor-grid-0 elementor-widget elementor-widget-share-buttons\" data-id=\"435182cd\" data-element_type=\"widget\" data-widget_type=\"share-buttons.default\">\n\t\t\t\t<div class=\"elementor-widget-container\">\n\t\t\t\t\t<div class=\"elementor-grid\">\n\t\t\t\t\t\t\t\t<div class=\"elementor-grid-item\">\n\t\t\t\t\t\t<div\n\t\t\t\t\t\t\tclass=\"elementor-share-btn elementor-share-btn_facebook\"\n\t\t\t\t\t\t\trole=\"button\"\n\t\t\t\t\t\t\ttabindex=\"0\"\n\t\t\t\t\t\t\taria-label=\"Share on facebook\" data-no-translation-aria-label=\"\"\n\t\t\t\t\t\t>\n\t\t\t\t\t\t\t\t\t\t\t\t\t\t\t<span class=\"elementor-share-btn__icon\">\n\t\t\t\t\t\t\t\t<svg class=\"e-font-icon-svg e-fab-facebook\" viewbox=\"0 0 512 512\" xmlns=\"http:\/\/www.w3.org\/2000\/svg\"><path d=\"M504 256C504 119 393 8 256 8S8 119 8 256c0 123.78 90.69 226.38 209.25 245V327.69h-63V256h63v-54.64c0-62.15 37-96.48 93.67-96.48 27.14 0 55.52 4.84 55.52 4.84v61h-31.28c-30.8 0-40.41 19.12-40.41 38.73V256h68.78l-11 71.69h-57.78V501C413.31 482.38 504 379.78 504 256z\"><\/path><\/svg>\t\t\t\t\t\t\t<\/span>\n\t\t\t\t\t\t\t\t\t\t\t\t\t\t\t\t\t\t\t\t<\/div>\n\t\t\t\t\t<\/div>\n\t\t\t\t\t\t\t\t\t<div class=\"elementor-grid-item\">\n\t\t\t\t\t\t<div\n\t\t\t\t\t\t\tclass=\"elementor-share-btn elementor-share-btn_twitter\"\n\t\t\t\t\t\t\trole=\"button\"\n\t\t\t\t\t\t\ttabindex=\"0\"\n\t\t\t\t\t\t\taria-label=\"Share on twitter\" data-no-translation-aria-label=\"\"\n\t\t\t\t\t\t>\n\t\t\t\t\t\t\t\t\t\t\t\t\t\t\t<span class=\"elementor-share-btn__icon\">\n\t\t\t\t\t\t\t\t<svg class=\"e-font-icon-svg e-fab-twitter\" viewbox=\"0 0 512 512\" xmlns=\"http:\/\/www.w3.org\/2000\/svg\"><path d=\"M459.37 151.716c.325 4.548.325 9.097.325 13.645 0 138.72-105.583 298.558-298.558 298.558-59.452 0-114.68-17.219-161.137-47.106 8.447.974 16.568 1.299 25.34 1.299 49.055 0 94.213-16.568 130.274-44.832-46.132-.975-84.792-31.188-98.112-72.772 6.498.974 12.995 1.624 19.818 1.624 9.421 0 18.843-1.3 27.614-3.573-48.081-9.747-84.143-51.98-84.143-102.985v-1.299c13.969 7.797 30.214 12.67 47.431 13.319-28.264-18.843-46.781-51.005-46.781-87.391 0-19.492 5.197-37.36 14.294-52.954 51.655 63.675 129.3 105.258 216.365 109.807-1.624-7.797-2.599-15.918-2.599-24.04 0-57.828 46.782-104.934 104.934-104.934 30.213 0 57.502 12.67 76.67 33.137 23.715-4.548 46.456-13.32 66.599-25.34-7.798 24.366-24.366 44.833-46.132 57.827 21.117-2.273 41.584-8.122 60.426-16.243-14.292 20.791-32.161 39.308-52.628 54.253z\"><\/path><\/svg>\t\t\t\t\t\t\t<\/span>\n\t\t\t\t\t\t\t\t\t\t\t\t\t\t\t\t\t\t\t\t<\/div>\n\t\t\t\t\t<\/div>\n\t\t\t\t\t\t\t\t\t<div class=\"elementor-grid-item\">\n\t\t\t\t\t\t<div\n\t\t\t\t\t\t\tclass=\"elementor-share-btn elementor-share-btn_linkedin\"\n\t\t\t\t\t\t\trole=\"button\"\n\t\t\t\t\t\t\ttabindex=\"0\"\n\t\t\t\t\t\t\taria-label=\"Share on linkedin\" data-no-translation-aria-label=\"\"\n\t\t\t\t\t\t>\n\t\t\t\t\t\t\t\t\t\t\t\t\t\t\t<span class=\"elementor-share-btn__icon\">\n\t\t\t\t\t\t\t\t<svg class=\"e-font-icon-svg e-fab-linkedin\" viewbox=\"0 0 448 512\" xmlns=\"http:\/\/www.w3.org\/2000\/svg\"><path d=\"M416 32H31.9C14.3 32 0 46.5 0 64.3v383.4C0 465.5 14.3 480 31.9 480H416c17.6 0 32-14.5 32-32.3V64.3c0-17.8-14.4-32.3-32-32.3zM135.4 416H69V202.2h66.5V416zm-33.2-243c-21.3 0-38.5-17.3-38.5-38.5S80.9 96 102.2 96c21.2 0 38.5 17.3 38.5 38.5 0 21.3-17.2 38.5-38.5 38.5zm282.1 243h-66.4V312c0-24.8-.5-56.7-34.5-56.7-34.6 0-39.9 27-39.9 54.9V416h-66.4V202.2h63.7v29.2h.9c8.9-16.8 30.6-34.5 62.9-34.5 67.2 0 79.7 44.3 79.7 101.9V416z\"><\/path><\/svg>\t\t\t\t\t\t\t<\/span>\n\t\t\t\t\t\t\t\t\t\t\t\t\t\t\t\t\t\t\t\t<\/div>\n\t\t\t\t\t<\/div>\n\t\t\t\t\t\t<\/div>\n\t\t\t\t<\/div>\n\t\t\t\t<\/div>\n\t\t\t\t\t<\/div>\n\t\t\t\t<\/div>\n\t\t<div class=\"elementor-element elementor-element-39c6ba4e e-flex e-con-boxed e-con e-parent\" data-id=\"39c6ba4e\" data-element_type=\"container\">\n\t\t\t\t\t<div class=\"e-con-inner\">\n\t\t\t\t<div class=\"elementor-element elementor-element-708e7d5d elementor-widget elementor-widget-text-editor\" data-id=\"708e7d5d\" data-element_type=\"widget\" data-widget_type=\"text-editor.default\">\n\t\t\t\t<div class=\"elementor-widget-container\">\n\t\t\t\t\t\t\t<!-- wp:paragraph -->\n<p>Para possibilitarmos o acesso \u00e0 webapp Jupiter e \u00e0 p\u00e1gina web jupiterapp.pt, doravante designadas como \u201cos nossos servi\u00e7os\u201d, \u00e9 necess\u00e1rio procedermos ao tratamento de dados pessoais dos nossos utilizadores, pelo que aconselhamos o conhecimento e leitura atenta desta Pol\u00edtica de Privacidade.<\/p>\n<!-- \/wp:paragraph -->\n\n<!-- wp:paragraph -->\n<p>A recolha e tratamento de dados pessoais necess\u00e1rios para o fornecimento dos nossos servi\u00e7os realizam-se em conformidade com o Regulamento (UE) 2016\/679 do Parlamento Europeu e do Conselho, de 27 de abril de 2016, relativo \u00e0 prote\u00e7\u00e3o das pessoas singulares no que diz respeito ao tratamento de dados pessoais e \u00e0 livre circula\u00e7\u00e3o desses dados (doravante \u201cRGPD\u201d), incluindo a legisla\u00e7\u00e3o nacional que o complementa.<\/p>\n<!-- \/wp:paragraph -->\n\n<!-- wp:paragraph -->\n<p>A presente Pol\u00edtica esclarece que tipo de dados recolhemos, como s\u00e3o utilizados e os direitos do utilizador se desejar alterar a forma como utilizamos os seus dados pessoais.<\/p>\n<!-- \/wp:paragraph -->\n\n<!-- wp:paragraph -->\n<p><strong>1. Respons\u00e1vel pelo tratamento<\/strong><\/p>\n<!-- \/wp:paragraph -->\n\n<!-- wp:paragraph -->\n<p>O Respons\u00e1vel pelo Tratamento dos seus dados pessoais, relacionados com as finalidades abaixo indicadas \u00e9 J\u00fapiter Infal\u00edvel Unipessoal Lda, com sede na Rua Ant\u00f3nio Champalimaud, Edif\u00edcio 3, 1600-514 Lisboa, pessoa coletiva n.\u00ba 516868233 com o capital social de EUR 5000.<\/p>\n<!-- \/wp:paragraph -->\n\n<!-- wp:paragraph -->\n<p><strong>2. Dados recolhidos<\/strong><\/p>\n<!-- \/wp:paragraph -->\n\n<!-- wp:paragraph -->\n<p>Durante a utiliza\u00e7\u00e3o dos nossos servi\u00e7os, recolheremos os seguintes dados:<\/p>\n<!-- \/wp:paragraph -->\n\n<!-- wp:list -->\n<ul class=\"wp-block-list\"><!-- wp:list-item -->\n<li>O seu nome e n\u00famero de identifica\u00e7\u00e3o fiscal;<\/li>\n<!-- \/wp:list-item -->\n\n<!-- wp:list-item -->\n<li>O seu estado civil e n\u00famero de dependentes;<\/li>\n<!-- \/wp:list-item -->\n\n<!-- wp:list-item -->\n<li>O seu endere\u00e7o de correio eletr\u00f3nico e n\u00famero de telem\u00f3vel;<\/li>\n<!-- \/wp:list-item -->\n\n<!-- wp:list-item -->\n<li>O seu nome de utilizador, a sua palavra-passe e outras informa\u00e7\u00f5es de registo;<\/li>\n<!-- \/wp:list-item -->\n\n<!-- wp:list-item -->\n<li>Dados relativos \u00e0s faturas por si emitidas, como data, n\u00famero de fatura, dados do adquirente e import\u00e2ncia recebida;<\/li>\n<!-- \/wp:list-item -->\n\n<!-- wp:list-item -->\n<li>Informa\u00e7\u00f5es t\u00e9cnicas sobre o dispositivo que utilizar para aceder aos nossos servi\u00e7os, incluindo o endere\u00e7o do protocolo de internet (IP), o tipo de browser, o sistema operativo, o tipo de dispositivo utilizado, o tipo de browser m\u00f3vel utilizado, entre outros;<\/li>\n<!-- \/wp:list-item -->\n\n<!-- wp:list-item -->\n<li>Informa\u00e7\u00f5es sobre a sua visita, incluindo liga\u00e7\u00f5es em que tenha clicado a partir e atrav\u00e9s do nosso site;<\/li>\n<!-- \/wp:list-item -->\n\n<!-- wp:list-item -->\n<li>Informa\u00e7\u00f5es sobre a tipologia das opera\u00e7\u00f5es por si realizadas.<\/li>\n<!-- \/wp:list-item --><\/ul>\n<!-- \/wp:list -->\n\n<!-- wp:paragraph -->\n<p>Para levar a cabo o tratamento de cada um dos seus dados, o respons\u00e1vel pelo tratamento tem por base um ou mais dos seguintes fundamentos legais:<\/p>\n<!-- \/wp:paragraph -->\n\n<!-- wp:list -->\n<ul class=\"wp-block-list\"><!-- wp:list-item -->\n<li>Cumprimento de obriga\u00e7\u00f5es legais;<\/li>\n<!-- \/wp:list-item -->\n\n<!-- wp:list-item -->\n<li>Interesse leg\u00edtimo do respons\u00e1vel pelo tratamento;<\/li>\n<!-- \/wp:list-item -->\n\n<!-- wp:list-item -->\n<li>Consentimento transmitido pelo titular dos dados.<\/li>\n<!-- \/wp:list-item --><\/ul>\n<!-- \/wp:list -->\n\n<!-- wp:paragraph -->\n<p><strong>3. Finalidades dos dados recolhidos<\/strong><\/p>\n<!-- \/wp:paragraph -->\n\n<!-- wp:paragraph -->\n<p>Tratamos os seus dados pessoais para as finalidades que de seguida indicamos:<\/p>\n<!-- \/wp:paragraph -->\n\n<!-- wp:list -->\n<ul class=\"wp-block-list\"><!-- wp:list-item -->\n<li>Utiliza\u00e7\u00e3o das funcionalidades dos nossos servi\u00e7os;<\/li>\n<!-- \/wp:list-item -->\n\n<!-- wp:list-item -->\n<li>Registo de utilizador;<\/li>\n<!-- \/wp:list-item -->\n\n<!-- wp:list-item -->\n<li>Controlos de seguran\u00e7a e autentica\u00e7\u00e3o;<\/li>\n<!-- \/wp:list-item -->\n\n<!-- wp:list-item -->\n<li>Melhoria dos nossos servi\u00e7os;<\/li>\n<!-- \/wp:list-item -->\n\n<!-- wp:list-item -->\n<li>Comunica\u00e7\u00e3o e Marketing;<\/li>\n<!-- \/wp:list-item -->\n\n<!-- wp:list-item -->\n<li>Cumprimento de obriga\u00e7\u00f5es legais;<\/li>\n<!-- \/wp:list-item -->\n\n<!-- wp:list-item -->\n<li>Seguran\u00e7a Inform\u00e1tica e Prote\u00e7\u00e3o de Dados;<\/li>\n<!-- \/wp:list-item -->\n\n<!-- wp:list-item -->\n<li>Obriga\u00e7\u00f5es Fiscais e contabil\u00edsticas;<\/li>\n<!-- \/wp:list-item -->\n\n<!-- wp:list-item -->\n<li>Cumprimento de obriga\u00e7\u00f5es legais e regulamentares.<\/li>\n<!-- \/wp:list-item --><\/ul>\n<!-- \/wp:list -->\n\n<!-- wp:paragraph -->\n<p><strong>4. Destinat\u00e1rios dos dados pessoais<\/strong><\/p>\n<!-- \/wp:paragraph -->\n\n<!-- wp:paragraph -->\n<p>Admitimos a partilha dos seus dados de Atividade ou Tr\u00e1fego na nossa p\u00e1gina web www.jupiterapp.pt com os nossos parceiros publicit\u00e1rios, o Google e a Meta.<\/p>\n<!-- \/wp:paragraph -->\n\n<!-- wp:paragraph -->\n<p>Ressalvamos que n\u00e3o comercializamos os seus dados pessoais com nenhuma entidade, para qualquer finalidade. Ressalvamos tamb\u00e9m que os nossos parceiros publicit\u00e1rios s\u00f3 est\u00e3o autorizados a usar os dados dos nossos utilizadores para apresentar an\u00fancios espec\u00edficos ou excluir utilizadores de determinadas campanhas e comunica\u00e7\u00f5es, e que t\u00eam acesso apenas a informa\u00e7\u00e3o agregada sobre o perfil dos nossos utilizadores, e n\u00e3o a dados pessoais.<\/p>\n<!-- \/wp:paragraph -->\n\n<!-- wp:paragraph -->\n<p>No caso de necessidade de esclarecimentos adicionais, \u00e9 poss\u00edvel, em complemento com a presente Pol\u00edtica de Privacidade, consultar a informa\u00e7\u00e3o disponibilizada pelo Google e pela Meta relativamente a privacidade e prote\u00e7\u00e3o de dados, bem como personalizar as suas op\u00e7\u00f5es de privacidade nessas plataformas.<\/p>\n<!-- \/wp:paragraph -->\n\n<!-- wp:paragraph -->\n<p><strong>5. Direito dos titulares<\/strong><\/p>\n<!-- \/wp:paragraph -->\n\n<!-- wp:paragraph -->\n<p>O titular tem os seguintes direitos no \u00e2mbito da gest\u00e3o dos seus dados pessoais:<\/p>\n<!-- \/wp:paragraph -->\n\n<!-- wp:list -->\n<ul class=\"wp-block-list\"><!-- wp:list-item -->\n<li>Direito de acesso aos dados que temos sobre si;<\/li>\n<!-- \/wp:list-item -->\n\n<!-- wp:list-item -->\n<li>Direito de retifica\u00e7\u00e3o e atualiza\u00e7\u00e3o;<\/li>\n<!-- \/wp:list-item -->\n\n<!-- wp:list-item -->\n<li>Direito ao apagamento\/esquecimento;<\/li>\n<!-- \/wp:list-item -->\n\n<!-- wp:list-item -->\n<li>Direito de limita\u00e7\u00e3o do tratamento;<\/li>\n<!-- \/wp:list-item -->\n\n<!-- wp:list-item -->\n<li>Direito de oposi\u00e7\u00e3o ao tratamento;<\/li>\n<!-- \/wp:list-item -->\n\n<!-- wp:list-item -->\n<li>Direito de portabilidade;<\/li>\n<!-- \/wp:list-item -->\n\n<!-- wp:list-item -->\n<li>Direito a retirar o seu consentimento.<\/li>\n<!-- \/wp:list-item --><\/ul>\n<!-- \/wp:list -->\n\n<!-- wp:paragraph -->\n<p>O titular dos dados poder\u00e1 exercer qualquer um dos direitos supra referidos atrav\u00e9s do email rgpd@jupiterapp.pt.<\/p>\n<!-- \/wp:paragraph -->\n\n<!-- wp:paragraph -->\n<p><strong>6. Liga\u00e7\u00f5es externas<\/strong><\/p>\n<!-- \/wp:paragraph -->\n\n<!-- wp:paragraph -->\n<p>A J\u00fapiter poder\u00e1 vir a disponibilizar conte\u00fados atrav\u00e9s de plataformas externas, e sobre os quais pendem termos de utiliza\u00e7\u00e3o espec\u00edficos.<\/p>\n<!-- \/wp:paragraph -->\n\n<!-- wp:paragraph -->\n<p><strong>7. Prazos de conserva\u00e7\u00e3o<\/strong><\/p>\n<!-- \/wp:paragraph -->\n\n<!-- wp:paragraph -->\n<p>O tratamento dos dados manter-se-\u00e1 enquanto se revelar necess\u00e1rio \u00e0 utiliza\u00e7\u00e3o dos nossos servi\u00e7os por parte do utilizador. Terminada esta utiliza\u00e7\u00e3o, os dados pessoais ser\u00e3o conservados nos termos dos prazos permitidos por lei.<\/p>\n<!-- \/wp:paragraph -->\n\n<!-- wp:paragraph -->\n<p><strong>8. Atualiza\u00e7\u00f5es<\/strong><\/p>\n<!-- \/wp:paragraph -->\n\n<!-- wp:paragraph -->\n<p>Reservamos o direito de atualizar, periodicamente e sempre que se revele necess\u00e1rio, a presente pol\u00edtica de privacidade. Sempre que o fizermos, alteraremos a informa\u00e7\u00e3o referente \u00e0 sua data de entrada em vigor.<\/p>\n<!-- \/wp:paragraph -->\n\n<!-- wp:paragraph -->\n<p><strong>9. Contacto<\/strong><\/p>\n<!-- \/wp:paragraph -->\n\n<!-- wp:paragraph -->\n<p>Para o esclarecimento de qualquer quest\u00e3o relativa ao funcionamento ou evolu\u00e7\u00e3o dos nossos servi\u00e7os ou de quest\u00f5es exclusivamente relativas a esta pol\u00edtica de privacidade, poder\u00e1 contactar-nos atrav\u00e9s do endere\u00e7o rgpd@jupiterapp.pt.<\/p>\n<!-- \/wp:paragraph -->\n\n<!-- wp:paragraph -->\n<p><em>\u00daltima atualiza\u00e7\u00e3o em 24 de mar\u00e7o de 2022.<\/em><\/p>\n<!-- \/wp:paragraph -->\t\t\t\t\t\t<\/div>\n\t\t\t\t<\/div>\n\t\t\t\t\t<\/div>\n\t\t\t\t<\/div>\n\t\t\t\t<\/div>","protected":false},"excerpt":{"rendered":"<p>Para possibilitarmos o acesso \u00e0 webapp Jupiter e [&hellip;]<\/p>","protected":false},"author":1,"featured_media":0,"parent":0,"menu_order":0,"comment_status":"closed","ping_status":"closed","template":"","meta":{"slim_seo":{"title":"Pol\u00edtica de privacidade do website Jupiterapp.pt - Jupiter app","description":"Para possibilitarmos o acesso \u00e0 webapp Jupiter e \u00e0 p\u00e1gina web jupiterapp.pt, doravante designadas como \u201cos nossos servi\u00e7os\u201d, \u00e9 necess\u00e1rio procedermos ao tratame"},"footnotes":""},"class_list":["post-7424","page","type-page","status-publish","hentry"],"_links":{"self":[{"href":"https:\/\/jupiterapp.pt\/en\/wp-json\/wp\/v2\/pages\/7424","targetHints":{"allow":["GET"]}}],"collection":[{"href":"https:\/\/jupiterapp.pt\/en\/wp-json\/wp\/v2\/pages"}],"about":[{"href":"https:\/\/jupiterapp.pt\/en\/wp-json\/wp\/v2\/types\/page"}],"author":[{"embeddable":true,"href":"https:\/\/jupiterapp.pt\/en\/wp-json\/wp\/v2\/users\/1"}],"replies":[{"embeddable":true,"href":"https:\/\/jupiterapp.pt\/en\/wp-json\/wp\/v2\/comments?post=7424"}],"version-history":[{"count":11,"href":"https:\/\/jupiterapp.pt\/en\/wp-json\/wp\/v2\/pages\/7424\/revisions"}],"predecessor-version":[{"id":7445,"href":"https:\/\/jupiterapp.pt\/en\/wp-json\/wp\/v2\/pages\/7424\/revisions\/7445"}],"wp:attachment":[{"href":"https:\/\/jupiterapp.pt\/en\/wp-json\/wp\/v2\/media?parent=7424"}],"curies":[{"name":"wp","href":"https:\/\/api.w.org\/{rel}","templated":true}]}}