{"id":7446,"date":"2024-09-13T20:04:49","date_gmt":"2024-09-13T20:04:49","guid":{"rendered":"https:\/\/jupiterapp.pt\/?page_id=7446"},"modified":"2024-09-13T20:05:42","modified_gmt":"2024-09-13T20:05:42","slug":"termos-e-condicoes-de-utilizacao-da-webapp-jupiter-app","status":"publish","type":"page","link":"https:\/\/jupiterapp.pt\/en\/termos-e-condicoes-de-utilizacao-da-webapp-jupiter-app\/","title":{"rendered":"Termos e condi\u00e7\u00f5es de utiliza\u00e7\u00e3o da webapp \u201cJupiter app\u201d"},"content":{"rendered":"<div data-elementor-type=\"wp-page\" data-elementor-id=\"7446\" class=\"elementor elementor-7446\" data-elementor-settings=\"{&quot;element_pack_global_tooltip_width&quot;:{&quot;unit&quot;:&quot;px&quot;,&quot;size&quot;:&quot;&quot;,&quot;sizes&quot;:[]},&quot;element_pack_global_tooltip_width_tablet_extra&quot;:{&quot;unit&quot;:&quot;px&quot;,&quot;size&quot;:&quot;&quot;,&quot;sizes&quot;:[]},&quot;element_pack_global_tooltip_width_tablet&quot;:{&quot;unit&quot;:&quot;px&quot;,&quot;size&quot;:&quot;&quot;,&quot;sizes&quot;:[]},&quot;element_pack_global_tooltip_width_mobile_extra&quot;:{&quot;unit&quot;:&quot;px&quot;,&quot;size&quot;:&quot;&quot;,&quot;sizes&quot;:[]},&quot;element_pack_global_tooltip_width_mobile&quot;:{&quot;unit&quot;:&quot;px&quot;,&quot;size&quot;:&quot;&quot;,&quot;sizes&quot;:[]},&quot;element_pack_global_tooltip_padding&quot;:{&quot;unit&quot;:&quot;px&quot;,&quot;top&quot;:&quot;&quot;,&quot;right&quot;:&quot;&quot;,&quot;bottom&quot;:&quot;&quot;,&quot;left&quot;:&quot;&quot;,&quot;isLinked&quot;:true},&quot;element_pack_global_tooltip_padding_tablet_extra&quot;:{&quot;unit&quot;:&quot;px&quot;,&quot;top&quot;:&quot;&quot;,&quot;right&quot;:&quot;&quot;,&quot;bottom&quot;:&quot;&quot;,&quot;left&quot;:&quot;&quot;,&quot;isLinked&quot;:true},&quot;element_pack_global_tooltip_padding_tablet&quot;:{&quot;unit&quot;:&quot;px&quot;,&quot;top&quot;:&quot;&quot;,&quot;right&quot;:&quot;&quot;,&quot;bottom&quot;:&quot;&quot;,&quot;left&quot;:&quot;&quot;,&quot;isLinked&quot;:true},&quot;element_pack_global_tooltip_padding_mobile_extra&quot;:{&quot;unit&quot;:&quot;px&quot;,&quot;top&quot;:&quot;&quot;,&quot;right&quot;:&quot;&quot;,&quot;bottom&quot;:&quot;&quot;,&quot;left&quot;:&quot;&quot;,&quot;isLinked&quot;:true},&quot;element_pack_global_tooltip_padding_mobile&quot;:{&quot;unit&quot;:&quot;px&quot;,&quot;top&quot;:&quot;&quot;,&quot;right&quot;:&quot;&quot;,&quot;bottom&quot;:&quot;&quot;,&quot;left&quot;:&quot;&quot;,&quot;isLinked&quot;:true},&quot;element_pack_global_tooltip_border_radius&quot;:{&quot;unit&quot;:&quot;px&quot;,&quot;top&quot;:&quot;&quot;,&quot;right&quot;:&quot;&quot;,&quot;bottom&quot;:&quot;&quot;,&quot;left&quot;:&quot;&quot;,&quot;isLinked&quot;:true},&quot;element_pack_global_tooltip_border_radius_tablet_extra&quot;:{&quot;unit&quot;:&quot;px&quot;,&quot;top&quot;:&quot;&quot;,&quot;right&quot;:&quot;&quot;,&quot;bottom&quot;:&quot;&quot;,&quot;left&quot;:&quot;&quot;,&quot;isLinked&quot;:true},&quot;element_pack_global_tooltip_border_radius_tablet&quot;:{&quot;unit&quot;:&quot;px&quot;,&quot;top&quot;:&quot;&quot;,&quot;right&quot;:&quot;&quot;,&quot;bottom&quot;:&quot;&quot;,&quot;left&quot;:&quot;&quot;,&quot;isLinked&quot;:true},&quot;element_pack_global_tooltip_border_radius_mobile_extra&quot;:{&quot;unit&quot;:&quot;px&quot;,&quot;top&quot;:&quot;&quot;,&quot;right&quot;:&quot;&quot;,&quot;bottom&quot;:&quot;&quot;,&quot;left&quot;:&quot;&quot;,&quot;isLinked&quot;:true},&quot;element_pack_global_tooltip_border_radius_mobile&quot;:{&quot;unit&quot;:&quot;px&quot;,&quot;top&quot;:&quot;&quot;,&quot;right&quot;:&quot;&quot;,&quot;bottom&quot;:&quot;&quot;,&quot;left&quot;:&quot;&quot;,&quot;isLinked&quot;:true}}\" data-elementor-post-type=\"page\">\n\t\t\t\t<div class=\"elementor-element elementor-element-7ec27eb3 e-flex e-con-boxed e-con e-parent\" data-id=\"7ec27eb3\" data-element_type=\"container\">\n\t\t\t\t\t<div class=\"e-con-inner\">\n\t\t\t\t<div class=\"elementor-element elementor-element-1c1931cb elementor-widget elementor-widget-theme-post-title elementor-page-title elementor-widget-heading\" data-id=\"1c1931cb\" data-element_type=\"widget\" data-widget_type=\"theme-post-title.default\">\n\t\t\t\t<div class=\"elementor-widget-container\">\n\t\t\t<h1 class=\"elementor-heading-title elementor-size-default\">Termos e condi\u00e7\u00f5es de utiliza\u00e7\u00e3o da webapp \u201cJupiter app\u201d<\/h1>\t\t<\/div>\n\t\t\t\t<\/div>\n\t\t\t\t<div class=\"elementor-element elementor-element-6959b42b elementor-align-center elementor-widget elementor-widget-post-info\" data-id=\"6959b42b\" data-element_type=\"widget\" data-widget_type=\"post-info.default\">\n\t\t\t\t<div class=\"elementor-widget-container\">\n\t\t\t\t\t<ul class=\"elementor-inline-items elementor-icon-list-items elementor-post-info\">\n\t\t\t\t\t\t\t\t<li class=\"elementor-icon-list-item elementor-repeater-item-c5cc9cd elementor-inline-item\">\n\t\t\t\t\t\t\t\t\t\t\t\t\t<span class=\"elementor-icon-list-text elementor-post-info__item elementor-post-info__item--type-custom\">\n\t\t\t\t\t\t\t\t\t\tPor J\u00fapiter Infal\u00edvel Lda.\t\t\t\t\t<\/span>\n\t\t\t\t\t\t\t\t<\/li>\n\t\t\t\t<li class=\"elementor-icon-list-item elementor-repeater-item-8ae8476 elementor-inline-item\">\n\t\t\t\t\t\t\t\t\t\t<span class=\"elementor-icon-list-icon\">\n\t\t\t\t\t\t\t\t<svg xmlns=\"http:\/\/www.w3.org\/2000\/svg\" width=\"24\" height=\"24\" viewbox=\"0 0 24 24\" fill=\"none\"><circle cx=\"12.5\" cy=\"12.5\" r=\"1.5\" fill=\"#5E646E\"><\/circle><\/svg>\t\t\t\t\t\t\t<\/span>\n\t\t\t\t\t\t\t\t\t<span class=\"elementor-icon-list-text elementor-post-info__item elementor-post-info__item--type-custom\">\n\t\t\t\t\t\t\t\t\t\t\u00daltima atualiza\u00e7\u00e3o 24 de mar\u00e7o de 2022\t\t\t\t\t<\/span>\n\t\t\t\t\t\t\t\t<\/li>\n\t\t\t\t<\/ul>\n\t\t\t\t<\/div>\n\t\t\t\t<\/div>\n\t\t\t\t<div class=\"elementor-element elementor-element-310af3fd elementor-share-buttons--view-icon elementor-share-buttons--skin-minimal elementor-share-buttons--shape-circle elementor-share-buttons--align-center elementor-share-buttons--color-custom elementor-grid-0 elementor-widget elementor-widget-share-buttons\" data-id=\"310af3fd\" data-element_type=\"widget\" data-widget_type=\"share-buttons.default\">\n\t\t\t\t<div class=\"elementor-widget-container\">\n\t\t\t\t\t<div class=\"elementor-grid\">\n\t\t\t\t\t\t\t\t<div class=\"elementor-grid-item\">\n\t\t\t\t\t\t<div\n\t\t\t\t\t\t\tclass=\"elementor-share-btn elementor-share-btn_facebook\"\n\t\t\t\t\t\t\trole=\"button\"\n\t\t\t\t\t\t\ttabindex=\"0\"\n\t\t\t\t\t\t\taria-label=\"Share on facebook\"\n\t\t\t\t\t\t>\n\t\t\t\t\t\t\t\t\t\t\t\t\t\t\t<span class=\"elementor-share-btn__icon\">\n\t\t\t\t\t\t\t\t<svg class=\"e-font-icon-svg e-fab-facebook\" viewbox=\"0 0 512 512\" xmlns=\"http:\/\/www.w3.org\/2000\/svg\"><path d=\"M504 256C504 119 393 8 256 8S8 119 8 256c0 123.78 90.69 226.38 209.25 245V327.69h-63V256h63v-54.64c0-62.15 37-96.48 93.67-96.48 27.14 0 55.52 4.84 55.52 4.84v61h-31.28c-30.8 0-40.41 19.12-40.41 38.73V256h68.78l-11 71.69h-57.78V501C413.31 482.38 504 379.78 504 256z\"><\/path><\/svg>\t\t\t\t\t\t\t<\/span>\n\t\t\t\t\t\t\t\t\t\t\t\t\t\t\t\t\t\t\t\t<\/div>\n\t\t\t\t\t<\/div>\n\t\t\t\t\t\t\t\t\t<div class=\"elementor-grid-item\">\n\t\t\t\t\t\t<div\n\t\t\t\t\t\t\tclass=\"elementor-share-btn elementor-share-btn_twitter\"\n\t\t\t\t\t\t\trole=\"button\"\n\t\t\t\t\t\t\ttabindex=\"0\"\n\t\t\t\t\t\t\taria-label=\"Share on twitter\"\n\t\t\t\t\t\t>\n\t\t\t\t\t\t\t\t\t\t\t\t\t\t\t<span class=\"elementor-share-btn__icon\">\n\t\t\t\t\t\t\t\t<svg class=\"e-font-icon-svg e-fab-twitter\" viewbox=\"0 0 512 512\" xmlns=\"http:\/\/www.w3.org\/2000\/svg\"><path d=\"M459.37 151.716c.325 4.548.325 9.097.325 13.645 0 138.72-105.583 298.558-298.558 298.558-59.452 0-114.68-17.219-161.137-47.106 8.447.974 16.568 1.299 25.34 1.299 49.055 0 94.213-16.568 130.274-44.832-46.132-.975-84.792-31.188-98.112-72.772 6.498.974 12.995 1.624 19.818 1.624 9.421 0 18.843-1.3 27.614-3.573-48.081-9.747-84.143-51.98-84.143-102.985v-1.299c13.969 7.797 30.214 12.67 47.431 13.319-28.264-18.843-46.781-51.005-46.781-87.391 0-19.492 5.197-37.36 14.294-52.954 51.655 63.675 129.3 105.258 216.365 109.807-1.624-7.797-2.599-15.918-2.599-24.04 0-57.828 46.782-104.934 104.934-104.934 30.213 0 57.502 12.67 76.67 33.137 23.715-4.548 46.456-13.32 66.599-25.34-7.798 24.366-24.366 44.833-46.132 57.827 21.117-2.273 41.584-8.122 60.426-16.243-14.292 20.791-32.161 39.308-52.628 54.253z\"><\/path><\/svg>\t\t\t\t\t\t\t<\/span>\n\t\t\t\t\t\t\t\t\t\t\t\t\t\t\t\t\t\t\t\t<\/div>\n\t\t\t\t\t<\/div>\n\t\t\t\t\t\t\t\t\t<div class=\"elementor-grid-item\">\n\t\t\t\t\t\t<div\n\t\t\t\t\t\t\tclass=\"elementor-share-btn elementor-share-btn_linkedin\"\n\t\t\t\t\t\t\trole=\"button\"\n\t\t\t\t\t\t\ttabindex=\"0\"\n\t\t\t\t\t\t\taria-label=\"Share on linkedin\"\n\t\t\t\t\t\t>\n\t\t\t\t\t\t\t\t\t\t\t\t\t\t\t<span class=\"elementor-share-btn__icon\">\n\t\t\t\t\t\t\t\t<svg class=\"e-font-icon-svg e-fab-linkedin\" viewbox=\"0 0 448 512\" xmlns=\"http:\/\/www.w3.org\/2000\/svg\"><path d=\"M416 32H31.9C14.3 32 0 46.5 0 64.3v383.4C0 465.5 14.3 480 31.9 480H416c17.6 0 32-14.5 32-32.3V64.3c0-17.8-14.4-32.3-32-32.3zM135.4 416H69V202.2h66.5V416zm-33.2-243c-21.3 0-38.5-17.3-38.5-38.5S80.9 96 102.2 96c21.2 0 38.5 17.3 38.5 38.5 0 21.3-17.2 38.5-38.5 38.5zm282.1 243h-66.4V312c0-24.8-.5-56.7-34.5-56.7-34.6 0-39.9 27-39.9 54.9V416h-66.4V202.2h63.7v29.2h.9c8.9-16.8 30.6-34.5 62.9-34.5 67.2 0 79.7 44.3 79.7 101.9V416z\"><\/path><\/svg>\t\t\t\t\t\t\t<\/span>\n\t\t\t\t\t\t\t\t\t\t\t\t\t\t\t\t\t\t\t\t<\/div>\n\t\t\t\t\t<\/div>\n\t\t\t\t\t\t<\/div>\n\t\t\t\t<\/div>\n\t\t\t\t<\/div>\n\t\t\t\t\t<\/div>\n\t\t\t\t<\/div>\n\t\t<div class=\"elementor-element elementor-element-71b37638 e-flex e-con-boxed e-con e-parent\" data-id=\"71b37638\" data-element_type=\"container\">\n\t\t\t\t\t<div class=\"e-con-inner\">\n\t\t\t\t<div class=\"elementor-element elementor-element-318177af elementor-widget elementor-widget-text-editor\" data-id=\"318177af\" data-element_type=\"widget\" data-widget_type=\"text-editor.default\">\n\t\t\t\t<div class=\"elementor-widget-container\">\n\t\t\t\t\t\t\t<p><!-- wp:paragraph --><\/p><p><!-- wp:paragraph --><\/p><p><!-- wp:paragraph --><\/p><p><strong>Considera\u00e7\u00f5es Pr\u00e9vias<\/strong><\/p><p><!-- \/wp:paragraph --><!-- wp:paragraph --><\/p><p><!-- \/wp:paragraph --><!-- wp:paragraph --><\/p><p>Os termos e condi\u00e7\u00f5es mencionados s\u00e3o amplamente difundidos e sempre atualizados atrav\u00e9s do s\u00edtio Web da J\u00fapiter, acess\u00edvel em jupiterapp.pt. Regulam a rela\u00e7\u00e3o entre a J\u00fapiter Infal\u00edvel, Unipessoal Lda., com n\u00famero \u00fanico de matr\u00edcula e identifica\u00e7\u00e3o fiscal 516868233, Capital Social de 5.000,00 euros, inscrita na Conservat\u00f3ria de Registo de Comercial de Braga, com sede na Rua Ant\u00f3nio Champalimaud, Edif\u00edcio 3, 1600 \u2013 514 Lisboa, doravante designada por J\u00fapiter, e o cliente, identificado junto da nossa empresa, doravante designado por utilizador, no \u00e2mbito da utiliza\u00e7\u00e3o do servi\u00e7o de gest\u00e3o financeira &#8220;Jupiter app&#8221;, produzido pela J\u00fapiter Infal\u00edvel, Unipessoal Lda. e disponibilizado em forma de aplica\u00e7\u00e3o para web, tamb\u00e9m designada por webapp. Ao utilizar o servi\u00e7o Jupiter app atrav\u00e9s do seu s\u00edtio web, o utilizador aceita tacitamente os presentes termos e condi\u00e7\u00f5es. Os dados de subscri\u00e7\u00e3o devem ser completos e verdadeiros, sendo da responsabilidade do utilizador a sua atualiza\u00e7\u00e3o em caso de altera\u00e7\u00e3o. O fornecimento de informa\u00e7\u00f5es falsas pode resultar no encerramento imediato da conta subscrita, sem direito a indemniza\u00e7\u00e3o pela perda de dados ou \u00e0 devolu\u00e7\u00e3o dos valores pagos, e sem aviso pr\u00e9vio ao utilizador.<\/p><p><!-- \/wp:paragraph --><!-- wp:paragraph --><\/p><p><strong>Objeto<\/strong><\/p><p><!-- \/wp:paragraph --><!-- wp:list {\"ordered\":true} --><\/p><ol><!-- wp:list-item --><li>Estes Termos e Condi\u00e7\u00f5es estabelecem as condi\u00e7\u00f5es gerais de fornecimento do software Jupiter, do respetivo acesso em regime de SaaS (Software as a Service\/software como servi\u00e7o) e em cloud (sistema de computa\u00e7\u00e3o paralela), doravante designado por Servi\u00e7o, mediante o pagamento correspondente \u00e0s condi\u00e7\u00f5es contratadas nos planos dispon\u00edveis no momento da subscri\u00e7\u00e3o.<\/li><!-- \/wp:list-item --><!-- wp:list-item --><li>O processamento do pagamento mencionado acima simboliza a formaliza\u00e7\u00e3o da rela\u00e7\u00e3o contratual entre o utilizador e a J\u00fapiter. O modelo de funcionamento em cloud implica que o utilizador deva ter acesso \u00e0 internet sempre que queira utilizar o programa e durante os per\u00edodos de utiliza\u00e7\u00e3o.<\/li><!-- \/wp:list-item --><!-- wp:list-item --><li>A J\u00fapiter pode, a qualquer momento, alterar as condi\u00e7\u00f5es do objeto destes termos e condi\u00e7\u00f5es, e a utiliza\u00e7\u00e3o posterior do servi\u00e7o por parte do utilizador representa a aceita\u00e7\u00e3o das altera\u00e7\u00f5es entretanto introduzidas.<\/li><!-- \/wp:list-item --><\/ol><p><!-- \/wp:list --><!-- wp:paragraph --><\/p><p><strong>Caracter\u00edsticas do Servi\u00e7o<\/strong><\/p><p><!-- \/wp:paragraph --><!-- wp:paragraph --><\/p><p>O utilizador escolher\u00e1, no momento da subscri\u00e7\u00e3o e atrav\u00e9s de conjuntos pr\u00e9-formatados, apelidados de planos, as caracter\u00edsticas do servi\u00e7o a ser fornecido, bem como o per\u00edodo de vig\u00eancia do servi\u00e7o contratado. O utilizador poder\u00e1 fazer upgrade ou downgrade dos servi\u00e7os subscritos sempre que desejar. O primeiro m\u00eas de utiliza\u00e7\u00e3o do servi\u00e7o \u00e9 considerado per\u00edodo de experi\u00eancia e \u00e9 gratuito. O per\u00edodo de experi\u00eancia cessa antes dos trinta dias por comunica\u00e7\u00e3o do Cliente. Este primeiro m\u00eas de utiliza\u00e7\u00e3o inclui tamb\u00e9m o per\u00edodo experimental previsto na legisla\u00e7\u00e3o aplic\u00e1vel, de 14 dias para a celebra\u00e7\u00e3o de contratos \u00e0 dist\u00e2ncia. O contrato estabelecido \u00e9 liquidado antecipadamente, atrav\u00e9s de pagamento eletr\u00f3nico, e renovado automaticamente. Os valores contratados s\u00e3o garantidos at\u00e9 ao final do ciclo de subscri\u00e7\u00e3o contratado, sendo o valor de renova\u00e7\u00e3o o publicitado no site na data-fim do ciclo de subscri\u00e7\u00e3o contratado. A utiliza\u00e7\u00e3o do Jupiter app pressup\u00f5e continuidade no pagamento a partir da ativa\u00e7\u00e3o da conta, que ocorre 30 dias ap\u00f3s a data de inscri\u00e7\u00e3o e do primeiro pagamento. A J\u00fapiter pode alterar os pre\u00e7os sem aviso direto a cada utilizador, sendo que estas altera\u00e7\u00f5es n\u00e3o t\u00eam efeitos retroativos, mas aplicam-se \u00e0 subscri\u00e7\u00e3o e renova\u00e7\u00e3o de servi\u00e7os. As altera\u00e7\u00f5es de pre\u00e7o ser\u00e3o publicitadas no site da J\u00fapiter em jupiterapp.pt. Para a resolu\u00e7\u00e3o do contrato, basta deixar de utilizar a conta Jupiter app. O servi\u00e7o pode ser suspenso para upgrades ou corre\u00e7\u00f5es, sendo estas parte integrante do modelo de software em cloud e suportadas pelo utilizador. N\u00e3o haver\u00e1 ressarcimento ao utilizador por falhas de servi\u00e7o decorrentes destas a\u00e7\u00f5es.<\/p><p><!-- \/wp:paragraph --><!-- wp:paragraph --><\/p><p><strong>Exclus\u00e3o de Responsabilidade<\/strong><\/p><p><!-- \/wp:paragraph --><!-- wp:paragraph --><\/p><p>O utilizador assume todas as responsabilidades relacionadas com a sua atividade econ\u00f3mica e com o uso do Jupiter app, incluindo o pagamento de taxas e impostos, cumprimento de obriga\u00e7\u00f5es declarativas, etc. A J\u00fapiter n\u00e3o pode ser responsabilizada pelo pagamento de taxas decorrentes das atividades do utilizador. Todas as previs\u00f5es de taxas e impostos devem ser verificadas junto dos servi\u00e7os competentes. O utilizador assume o risco por perdas decorrentes de problemas de comunica\u00e7\u00e3o entre a sua instala\u00e7\u00e3o ou aparelho e os servidores J\u00fapiter, apesar dos backups redundantes disponibilizados pela J\u00fapiter. O utilizador tamb\u00e9m assume o risco de m\u00e1 utiliza\u00e7\u00e3o ou extravio das credenciais de acesso ao servi\u00e7o. O Jupiter app \u00e9 disponibilizado sem adapta\u00e7\u00f5es pontuais, sob a condi\u00e7\u00e3o &#8220;as is&#8221;, com as caracter\u00edsticas dispon\u00edveis no momento da subscri\u00e7\u00e3o. Em caso de encerramento definitivo do servi\u00e7o, a J\u00fapiter informar\u00e1 o utilizador com 30 dias de anteced\u00eancia.<\/p><p><!-- \/wp:paragraph --><!-- wp:paragraph --><\/p><p><strong>Dados<\/strong><\/p><p><!-- \/wp:paragraph --><!-- wp:paragraph --><\/p><p>A J\u00fapiter garante a seguran\u00e7a e privacidade dos dados inseridos corretamente no Jupiter app. Os dados ser\u00e3o mantidos numa base de dados inviol\u00e1vel, sujeita a controlos e restri\u00e7\u00f5es de acesso. O utilizador ter\u00e1 acesso aos seus dados para atualiza\u00e7\u00e3o ou elimina\u00e7\u00e3o, atrav\u00e9s das credenciais de acesso ao servi\u00e7o. Em caso de extravio, o utilizador pode proceder \u00e0 recupera\u00e7\u00e3o dos dados atrav\u00e9s do s\u00edtio web da J\u00fapiter em my.jupiterapp.pt. Os dados solicitados na subscri\u00e7\u00e3o ser\u00e3o utilizados apenas na rela\u00e7\u00e3o comercial entre a J\u00fapiter e o utilizador. A J\u00fapiter pode enviar informa\u00e7\u00f5es comerciais sobre mais produtos da empresa aos utilizadores inscritos no Jupiter app. Todos os servidores J\u00fapiter t\u00eam monitoriza\u00e7\u00e3o permanente. Em caso de encerramento do contrato, o utilizador tem 90 dias para recuperar as informa\u00e7\u00f5es, ap\u00f3s os quais os dados ser\u00e3o eliminados.<\/p><p><!-- \/wp:paragraph --><!-- wp:paragraph --><\/p><p><strong>Suporte T\u00e9cnico<\/strong><\/p><p><!-- \/wp:paragraph --><!-- wp:paragraph --><\/p><p>O suporte t\u00e9cnico do servi\u00e7o Jupiter app ser\u00e1 preferencialmente prestado por escrito, atrav\u00e9s de correio eletr\u00f3nico. O suporte ser\u00e1 gratuito, e a J\u00fapiter reserva-se o direito de classificar as quest\u00f5es de suporte t\u00e9cnico conforme as prioridades de resolu\u00e7\u00e3o. A assist\u00eancia t\u00e9cnica ser\u00e1 prestada por ordem de chegada dos pedidos, condicion<\/p><p><!-- \/wp:paragraph --><!-- wp:paragraph --><\/p><p>ada pelo n\u00famero de t\u00e9cnicos dispon\u00edveis, e ter\u00e1 um condicionamento maior fora dos hor\u00e1rios de expediente. A comunica\u00e7\u00e3o para assist\u00eancia t\u00e9cnica \u00e9 feita atrav\u00e9s do email ajuda@jupiterapp.pt.<\/p><p><!-- \/wp:paragraph --><!-- wp:paragraph --><\/p><p><strong>Condicionamentos \u00e0 Presta\u00e7\u00e3o de Servi\u00e7o<\/strong><\/p><p><!-- \/wp:paragraph --><!-- wp:paragraph --><\/p><p>\u00c9 proibida a coloca\u00e7\u00e3o de scripts que interfiram com o funcionamento dos servidores. Tamb\u00e9m \u00e9 proibida a promo\u00e7\u00e3o de cracking, hacking ou phishing. D\u00favidas sobre os termos e condi\u00e7\u00f5es devem ser enviadas para ajuda@jupiterapp.pt.<\/p><p><!-- \/wp:paragraph --><!-- wp:paragraph --><\/p><p><strong>Prazo de Vig\u00eancia e Pre\u00e7o<\/strong><\/p><p><!-- \/wp:paragraph --><!-- wp:paragraph --><\/p><p>Os direitos do servi\u00e7o s\u00e3o reservados \u00e0 J\u00fapiter Infal\u00edvel, Unipessoal Lda. O contrato mant\u00e9m-se em vigor por per\u00edodos de 1 (um) m\u00eas ou 1 (um) ano, renov\u00e1veis automaticamente por iguais per\u00edodos. O utilizador \u00e9 obrigado ao pagamento no in\u00edcio de cada novo per\u00edodo, de acordo com os pre\u00e7os aplic\u00e1veis e em vigor.<\/p><p><!-- \/wp:paragraph --><!-- wp:paragraph --><\/p><p><strong>Cancelamento e N\u00e3o Renova\u00e7\u00e3o da Subscri\u00e7\u00e3o<\/strong><\/p><p><!-- \/wp:paragraph --><!-- wp:paragraph --><\/p><p>O utilizador pode cancelar a subscri\u00e7\u00e3o a qualquer momento ou n\u00e3o proceder \u00e0 renova\u00e7\u00e3o, na \u00e1rea da webapp destinada a este fim. N\u00e3o haver\u00e1 reembolso para subscri\u00e7\u00f5es mensais, mas para subscri\u00e7\u00f5es anuais, haver\u00e1 reembolso pelo tempo n\u00e3o utilizado. O cancelamento produz efeitos no m\u00eas seguinte \u00e0 indica\u00e7\u00e3o do utilizador. O reembolso ser\u00e1 efetuado atrav\u00e9s do mesmo m\u00e9todo de pagamento, num prazo m\u00e9dio de 7 dias \u00fateis.<\/p><p><!-- \/wp:paragraph --><!-- wp:paragraph --><\/p><p><strong>Direitos de Autor e Propriedade de Conte\u00fado<\/strong><\/p><p><!-- \/wp:paragraph --><!-- wp:paragraph --><\/p><p>A J\u00fapiter pode atualizar periodicamente os Termos e Condi\u00e7\u00f5es, com devida publicidade.<\/p><p><!-- \/wp:paragraph --><!-- wp:paragraph --><\/p><p><em>\u00daltima atualiza\u00e7\u00e3o em 24 de mar\u00e7o de 2022.<\/em><\/p><p><!-- \/wp:paragraph --><\/p><p><!-- \/wp:paragraph --><\/p><p><!-- \/wp:paragraph --><\/p>\t\t\t\t\t\t<\/div>\n\t\t\t\t<\/div>\n\t\t\t\t\t<\/div>\n\t\t\t\t<\/div>\n\t\t\t\t<\/div>","protected":false},"excerpt":{"rendered":"","protected":false},"author":1,"featured_media":0,"parent":0,"menu_order":0,"comment_status":"closed","ping_status":"closed","template":"","meta":{"slim_seo":{"title":"Termos e condi\u00e7\u00f5es de utiliza\u00e7\u00e3o da webapp \u201cJupiter app\u201d - Jupiter app","description":"Considera\u00e7\u00f5es Pr\u00e9vias Os termos e condi\u00e7\u00f5es mencionados s\u00e3o amplamente difundidos e sempre atualizados atrav\u00e9s do s\u00edtio Web da J\u00fapiter, acess\u00edvel em jupiterapp."},"footnotes":""},"class_list":["post-7446","page","type-page","status-publish","hentry"],"_links":{"self":[{"href":"https:\/\/jupiterapp.pt\/en\/wp-json\/wp\/v2\/pages\/7446","targetHints":{"allow":["GET"]}}],"collection":[{"href":"https:\/\/jupiterapp.pt\/en\/wp-json\/wp\/v2\/pages"}],"about":[{"href":"https:\/\/jupiterapp.pt\/en\/wp-json\/wp\/v2\/types\/page"}],"author":[{"embeddable":true,"href":"https:\/\/jupiterapp.pt\/en\/wp-json\/wp\/v2\/users\/1"}],"replies":[{"embeddable":true,"href":"https:\/\/jupiterapp.pt\/en\/wp-json\/wp\/v2\/comments?post=7446"}],"version-history":[{"count":4,"href":"https:\/\/jupiterapp.pt\/en\/wp-json\/wp\/v2\/pages\/7446\/revisions"}],"predecessor-version":[{"id":7450,"href":"https:\/\/jupiterapp.pt\/en\/wp-json\/wp\/v2\/pages\/7446\/revisions\/7450"}],"wp:attachment":[{"href":"https:\/\/jupiterapp.pt\/en\/wp-json\/wp\/v2\/media?parent=7446"}],"curies":[{"name":"wp","href":"https:\/\/api.w.org\/{rel}","templated":true}]}}